{"id":1016,"date":"2016-04-01T07:27:08","date_gmt":"2016-04-01T07:27:08","guid":{"rendered":"http:\/\/www.glasmalerei-derix.de\/?page_id=1016"},"modified":"2016-04-20T10:09:55","modified_gmt":"2016-04-20T10:09:55","slug":"restaurierung","status":"publish","type":"page","link":"https:\/\/old.glasmalerei-derix.de\/?page_id=1016","title":{"rendered":"Restaurierung"},"content":{"rendered":"<blockquote><p>Restaurierung \u2013 f\u00fcr uns Aufgabe und Berufung zugleich.<\/p><\/blockquote>\n<p>Ein wesentlicher Bestandteil unserer Arbeit ist die Restaurierung von alten Glasmalereien und Mosaiken vom Mittelalter bis heute. Fachwissen, sensibles handwerkliches K\u00f6nnen und die jahrzentelange Erfahrung eines Meisters sind wichtige Vorraussetzungen f\u00fcr eine gelungene Restaurierung, die selbstverst\u00e4ndlich auch denkmalpflegerische Aspekte ber\u00fccksichtigt.<\/p>\n","protected":false},"excerpt":{"rendered":"<p>Restaurierung \u2013 f\u00fcr uns Aufgabe und Berufung zugleich. Ein wesentlicher Bestandteil unserer Arbeit ist die Restaurierung von alten Glasmalereien und Mosaiken vom Mittelalter bis heute. Fachwissen, sensibles handwerkliches K\u00f6nnen und die jahrzentelange Erfahrung eines Meisters sind wichtige Vorraussetzungen f\u00fcr eine gelungene Restaurierung, die selbstverst\u00e4ndlich auch denkmalpflegerische Aspekte ber\u00fccksichtigt.<\/p>\n","protected":false},"author":2,"featured_media":0,"parent":0,"menu_order":0,"comment_status":"closed","ping_status":"open","template":"template-portfolio.php","meta":{"footnotes":""},"class_list":["post-1016","page","type-page","status-publish","hentry"],"_links":{"self":[{"href":"https:\/\/old.glasmalerei-derix.de\/index.php?rest_route=\/wp\/v2\/pages\/1016","targetHints":{"allow":["GET"]}}],"collection":[{"href":"https:\/\/old.glasmalerei-derix.de\/index.php?rest_route=\/wp\/v2\/pages"}],"about":[{"href":"https:\/\/old.glasmalerei-derix.de\/index.php?rest_route=\/wp\/v2\/types\/page"}],"author":[{"embeddable":true,"href":"https:\/\/old.glasmalerei-derix.de\/index.php?rest_route=\/wp\/v2\/users\/2"}],"replies":[{"embeddable":true,"href":"https:\/\/old.glasmalerei-derix.de\/index.php?rest_route=%2Fwp%2Fv2%2Fcomments&post=1016"}],"version-history":[{"count":5,"href":"https:\/\/old.glasmalerei-derix.de\/index.php?rest_route=\/wp\/v2\/pages\/1016\/revisions"}],"predecessor-version":[{"id":1148,"href":"https:\/\/old.glasmalerei-derix.de\/index.php?rest_route=\/wp\/v2\/pages\/1016\/revisions\/1148"}],"wp:attachment":[{"href":"https:\/\/old.glasmalerei-derix.de\/index.php?rest_route=%2Fwp%2Fv2%2Fmedia&parent=1016"}],"curies":[{"name":"wp","href":"https:\/\/api.w.org\/{rel}","templated":true}]}}