{"id":29,"date":"2015-11-10T13:10:53","date_gmt":"2015-11-10T13:10:53","guid":{"rendered":"http:\/\/www.head-site.de\/?page_id=29"},"modified":"2018-05-23T05:36:48","modified_gmt":"2018-05-23T05:36:48","slug":"kontakt","status":"publish","type":"page","link":"https:\/\/old.glasmalerei-derix.de\/?page_id=29","title":{"rendered":"Kontakt | Impressum"},"content":{"rendered":"<blockquote><p>So k\u00f6nnen Sie uns erreichen.<\/p><\/blockquote>\n<figure id=\"attachment_640\" aria-describedby=\"caption-attachment-640\" style=\"width: 500px\" class=\"wp-caption alignnone\"><a href=\"https:\/\/old.glasmalerei-derix.de\/wp-content\/uploads\/2015\/11\/Fassade_derix_web.jpg\" rel=\"attachment wp-att-640\"><img loading=\"lazy\" decoding=\"async\" class=\"wp-image-640\" src=\"https:\/\/old.glasmalerei-derix.de\/wp-content\/uploads\/2015\/11\/Fassade_derix_web-1024x731.jpg\" alt=\"Fassade_derix_web\" width=\"500\" height=\"357\" srcset=\"https:\/\/old.glasmalerei-derix.de\/wp-content\/uploads\/2015\/11\/Fassade_derix_web-1024x731.jpg 1024w, https:\/\/old.glasmalerei-derix.de\/wp-content\/uploads\/2015\/11\/Fassade_derix_web-300x214.jpg 300w, https:\/\/old.glasmalerei-derix.de\/wp-content\/uploads\/2015\/11\/Fassade_derix_web-768x549.jpg 768w, https:\/\/old.glasmalerei-derix.de\/wp-content\/uploads\/2015\/11\/Fassade_derix_web-1042x744.jpg 1042w\" sizes=\"auto, (max-width: 500px) 100vw, 500px\" \/><\/a><figcaption id=\"caption-attachment-640\" class=\"wp-caption-text\">Die Glasmalerei Wilhelm Derix in Kaiserswerth<\/figcaption><\/figure>\n<p>&nbsp;<\/p>\n<div class=\"vcard\">\n<div class=\"adr work\">\n<p class=\"org\"><strong>Wilhelm Derix <\/strong>| Werkst\u00e4tten f\u00fcr Glasmalerei und Mosaik GmbH<\/p>\n<div class=\"street-address\">Alte Landstra\u00dfe 190<\/div>\n<div class=\"street-address\"><span class=\"country-name\">D<\/span>&#8211;<span class=\"postal-code\">40489<\/span> <span class=\"locality\">D\u00fcsseldorf-Kaiserswerth<\/span><\/div>\n<\/div>\n<div class=\"adr work\">Telefon +49 211 401370<\/div>\n<div class=\"adr work\">Telefax +49 211 4089181<\/div>\n<\/div>\n<div class=\"adr work\"><a href=\"mailto:kontakt@glasmalerei-derix.de\">kontakt@glasmalerei-derix.de<\/a><\/div>\n<div class=\"adr work\"><\/div>\n<div>\n<div>\n<p>Gesch\u00e4ftsf\u00fchrerin: Elisabeth Derix<br \/>\nUSt-IdNr.: DE 119 364 703<\/p>\n<\/div>\n<\/div>\n<p>&nbsp;<\/p>\n<p><strong>Die Texte dieser Internetseite:<br \/>\n<\/strong>Elisabeth Derix und <a href=\"http:\/\/www.artcura.de\/\">Dagmar T\u00e4ube<br \/>\n<\/a>Ausf\u00fchrlichere Texte zu allen Themen in:<br \/>\n<a href=\"https:\/\/old.glasmalerei-derix.de\/?portfolio=publikation\"><em>Kunstzeiten. Glasmalerei und Mosaik<\/em><\/a><\/p>\n<p><strong>Fotografien auf dieser Internetseite:<\/strong><br \/>\nArchiv Glasmalerei Wilhelm Derix, Kaiserswerth<br \/>\n<a href=\"http:\/\/www.head-site.de\" target=\"_blank\" rel=\"noopener\">Berthold Hengstermann, Grevenbroich<\/a><br \/>\nHorst Kolberg, D\u00fcsseldorf<br \/>\nKlaus Popp, D\u00fcsseldorf<br \/>\nDagmar T\u00e4ube, D\u00fcsseldorf<\/p>\n<p>&nbsp;<\/p>\n<p>&nbsp;<\/p>\n<p><b>Haftungsausschluss (Disclaimer)<\/b><\/p>\n<p><b>Haftung f\u00fcr Inhalte<br \/>\n<\/b>Als Diensteanbieter sind wir gem\u00e4\u00df \u00a7 7 Abs.1 TMG f\u00fcr eigene Inhalte auf diesen Seiten nach den allgemeinen Gesetzen verantwortlich. Nach \u00a7 8 bis 10 TMG sind wir als Diensteanbieter jedoch nicht verpflichtet, \u00fcbermittelte oder gespeicherte fremde Informationen zu \u00fcberwachen oder nach Umst\u00e4nden zu forschen, die auf eine rechtswidrige T\u00e4tigkeit hinweisen. Verpflichtungen zur Entfernung oder Sperrung der Nutzung von Informationen nach den allgemeinen Gesetzen bleiben hiervon unber\u00fchrt. Eine diesbez\u00fcgliche Haftung ist jedoch erst ab dem Zeitpunkt der Kenntnis einer konkreten Rechtsverletzung m\u00f6glich. Bei Bekanntwerden von entsprechenden Rechtsverletzungen werden wir diese Inhalte umgehend entfernen.<\/p>\n<p>&nbsp;<\/p>\n<p><b>Haftung f\u00fcr Links <\/b>Unser Angebot enth\u00e4lt Links zu externen Webseiten Dritter, auf deren Inhalte wir keinen Einfluss haben. Deshalb k\u00f6nnen wir f\u00fcr diese fremden Inhalte auch keine Gew\u00e4hr \u00fcbernehmen. F\u00fcr die Inhalte der verlinkten Seiten ist stets der jeweilige Anbieter oder Betreiber der Seiten verantwortlich. Die verlinkten Seiten wurden zum Zeitpunkt der Verlinkung auf m\u00f6gliche Rechtsverst\u00f6\u00dfe \u00fcberpr\u00fcft. Rechtswidrige Inhalte waren zum Zeitpunkt der Verlinkung nicht erkennbar. Eine permanente inhaltliche Kontrolle der verlinkten Seiten ist jedoch ohne konkrete Anhaltspunkte einer Rechtsverletzung nicht zumutbar. Bei Bekanntwerden von Rechtsverletzungen werden wir derartige Links umgehend entfernen.<\/p>\n<p>&nbsp;<\/p>\n<p><b>Urheberrecht<\/b><\/p>\n<p>Die durch die Seitenbetreiber erstellten Inhalte und Werke auf diesen Seiten unterliegen dem deutschen Urheberrecht. Die Vervielf\u00e4ltigung, Bearbeitung, Verbreitung und jede Art der Verwertung au\u00dferhalb der Grenzen des Urheberrechtes bed\u00fcrfen der schriftlichen Zustimmung des jeweiligen Autors bzw. Erstellers. Downloads und Kopien dieser Seite sind nur f\u00fcr den privaten, nicht kommerziellen Gebrauch gestattet. Soweit die Inhalte auf dieser Seite nicht vom Betreiber erstellt wurden, werden die Urheberrechte Dritter beachtet. Insbesondere werden Inhalte Dritter als solche gekennzeichnet. Sollten Sie trotzdem auf eine Urheberrechtsverletzung aufmerksam werden, bitten wir um einen entsprechenden Hinweis. Bei Bekanntwerden von Rechtsverletzungen werden wir derartige Inhalte umgehend entfernen.<\/p>\n<p><b>Anfahrt:<\/b><\/p>\n<p id=\"anfahrtlink\"><a href=\"http:\/\/maps.google.de\/maps?hl=de&amp;ie=UTF8&amp;q=Derix+D%C3%BCsseldorf&amp;fb=1&amp;gl=de&amp;hq=Derix&amp;hnear=D%C3%BCsseldorf&amp;cid=0,0,14709397251637546104&amp;ei=-jhJTJv0EOf8sQboz7WYDg&amp;ved=0CBsQnwIwAQ&amp;ll=51.301213,6.741829&amp;spn=0.183744,0.246506&amp;z=12&amp;iwloc=A\" target=\"_blank\" rel=\"noopener\">So finden Sie uns &gt;&gt;<\/a><\/p>\n","protected":false},"excerpt":{"rendered":"<p>So k\u00f6nnen Sie uns erreichen. &nbsp; Wilhelm Derix | Werkst\u00e4tten f\u00fcr Glasmalerei und Mosaik GmbH Alte Landstra\u00dfe 190 D&#8211;40489 D\u00fcsseldorf-Kaiserswerth Telefon +49 211 401370 Telefax +49 211 4089181 kontakt@glasmalerei-derix.de Gesch\u00e4ftsf\u00fchrerin: Elisabeth Derix USt-IdNr.: DE 119 364 703 &nbsp; Die Texte dieser Internetseite: Elisabeth Derix und Dagmar T\u00e4ube Ausf\u00fchrlichere Texte zu allen Themen in: Kunstzeiten. Glasmalerei und Mosaik Fotografien auf dieser Internetseite: Archiv Glasmalerei Wilhelm Derix, Kaiserswerth Berthold Hengstermann, Grevenbroich Horst Kolberg, D\u00fcsseldorf Klaus Popp, D\u00fcsseldorf Dagmar T\u00e4ube, D\u00fcsseldorf &nbsp; &nbsp; Haftungsausschluss (Disclaimer) Haftung f\u00fcr Inhalte Als Diensteanbieter sind wir gem\u00e4\u00df \u00a7 7 Abs.1 TMG f\u00fcr eigene Inhalte auf diesen Seiten nach den allgemeinen Gesetzen verantwortlich. Nach \u00a7 8 bis 10 [&hellip;]<\/p>\n","protected":false},"author":3,"featured_media":0,"parent":0,"menu_order":5,"comment_status":"closed","ping_status":"open","template":"","meta":{"footnotes":""},"class_list":["post-29","page","type-page","status-publish","hentry"],"_links":{"self":[{"href":"https:\/\/old.glasmalerei-derix.de\/index.php?rest_route=\/wp\/v2\/pages\/29","targetHints":{"allow":["GET"]}}],"collection":[{"href":"https:\/\/old.glasmalerei-derix.de\/index.php?rest_route=\/wp\/v2\/pages"}],"about":[{"href":"https:\/\/old.glasmalerei-derix.de\/index.php?rest_route=\/wp\/v2\/types\/page"}],"author":[{"embeddable":true,"href":"https:\/\/old.glasmalerei-derix.de\/index.php?rest_route=\/wp\/v2\/users\/3"}],"replies":[{"embeddable":true,"href":"https:\/\/old.glasmalerei-derix.de\/index.php?rest_route=%2Fwp%2Fv2%2Fcomments&post=29"}],"version-history":[{"count":38,"href":"https:\/\/old.glasmalerei-derix.de\/index.php?rest_route=\/wp\/v2\/pages\/29\/revisions"}],"predecessor-version":[{"id":1229,"href":"https:\/\/old.glasmalerei-derix.de\/index.php?rest_route=\/wp\/v2\/pages\/29\/revisions\/1229"}],"wp:attachment":[{"href":"https:\/\/old.glasmalerei-derix.de\/index.php?rest_route=%2Fwp%2Fv2%2Fmedia&parent=29"}],"curies":[{"name":"wp","href":"https:\/\/api.w.org\/{rel}","templated":true}]}}