{"id":688,"date":"2016-03-23T17:48:50","date_gmt":"2016-03-23T17:48:50","guid":{"rendered":"http:\/\/www.glasmalerei-derix.de\/?page_id=688"},"modified":"2016-08-12T07:09:53","modified_gmt":"2016-08-12T07:09:53","slug":"unternehmen","status":"publish","type":"page","link":"https:\/\/old.glasmalerei-derix.de\/?page_id=688","title":{"rendered":"Unternehmen"},"content":{"rendered":"<blockquote><p>Glasmalerei und Mosaik \u2013 Kunst und Handwerk seit \u00fcber 150 Jahren.<\/p><\/blockquote>\n<p>Arbeiten und leben war in unserer Familie stets eins. Die <em>Glasmalerei Wilhem Derix<\/em> besteht mittlerweile seit 150 Jahren und <em>Derix Kaiserswerth<\/em> seit 75 Jahren. Immer haben wir unsere Leistungsbereitschaft und unser Know-How in den Dienst der Kunst und der K\u00fcnstler gestellt. Erfahren Sie hier mehr \u00fcber unsere Werkstatt, unsere Geschichte, \u00fcber die K\u00fcnstler, die mit uns gearbeitet haben, und schauen Sie uns bei der Erstellung einer Glasmalerei \u00fcber die Schulter. Der WDR hat \u00fcber unser Unternehmen berichtet. <a href=\"http:\/\/reportage.wdr.de\/derix#19357\" target=\"_blank\">Den Bericht finden Sie hier.<\/a><\/p>\n","protected":false},"excerpt":{"rendered":"<p>Glasmalerei und Mosaik \u2013 Kunst und Handwerk seit \u00fcber 150 Jahren. Arbeiten und leben war in unserer Familie stets eins. Die Glasmalerei Wilhem Derix besteht mittlerweile seit 150 Jahren und Derix Kaiserswerth seit 75 Jahren. Immer haben wir unsere Leistungsbereitschaft und unser Know-How in den Dienst der Kunst und der K\u00fcnstler gestellt. Erfahren Sie hier mehr \u00fcber unsere Werkstatt, unsere Geschichte, \u00fcber die K\u00fcnstler, die mit uns gearbeitet haben, und schauen Sie uns bei der Erstellung einer Glasmalerei \u00fcber die Schulter. Der WDR hat \u00fcber unser Unternehmen berichtet. Den Bericht finden Sie hier.<\/p>\n","protected":false},"author":2,"featured_media":0,"parent":0,"menu_order":0,"comment_status":"closed","ping_status":"open","template":"template-portfolio.php","meta":{"footnotes":""},"class_list":["post-688","page","type-page","status-publish","hentry"],"_links":{"self":[{"href":"https:\/\/old.glasmalerei-derix.de\/index.php?rest_route=\/wp\/v2\/pages\/688","targetHints":{"allow":["GET"]}}],"collection":[{"href":"https:\/\/old.glasmalerei-derix.de\/index.php?rest_route=\/wp\/v2\/pages"}],"about":[{"href":"https:\/\/old.glasmalerei-derix.de\/index.php?rest_route=\/wp\/v2\/types\/page"}],"author":[{"embeddable":true,"href":"https:\/\/old.glasmalerei-derix.de\/index.php?rest_route=\/wp\/v2\/users\/2"}],"replies":[{"embeddable":true,"href":"https:\/\/old.glasmalerei-derix.de\/index.php?rest_route=%2Fwp%2Fv2%2Fcomments&post=688"}],"version-history":[{"count":12,"href":"https:\/\/old.glasmalerei-derix.de\/index.php?rest_route=\/wp\/v2\/pages\/688\/revisions"}],"predecessor-version":[{"id":1187,"href":"https:\/\/old.glasmalerei-derix.de\/index.php?rest_route=\/wp\/v2\/pages\/688\/revisions\/1187"}],"wp:attachment":[{"href":"https:\/\/old.glasmalerei-derix.de\/index.php?rest_route=%2Fwp%2Fv2%2Fmedia&parent=688"}],"curies":[{"name":"wp","href":"https:\/\/api.w.org\/{rel}","templated":true}]}}