{"id":869,"date":"2016-03-30T08:21:08","date_gmt":"2016-03-30T08:21:08","guid":{"rendered":"http:\/\/www.glasmalerei-derix.de\/?page_id=869"},"modified":"2019-03-19T18:59:38","modified_gmt":"2019-03-19T18:59:38","slug":"werkstuecke","status":"publish","type":"page","link":"https:\/\/old.glasmalerei-derix.de\/?page_id=869","title":{"rendered":"Verkauf von Werkst\u00fccken"},"content":{"rendered":"<blockquote>\n<p style=\"text-align: left;\">Ein Werkst\u00fcck kann auch ein au\u00dfergew\u00f6hnliches Geschenk sein. W\u00e4hlen Sie aus unseren Beispielen aus!<\/p>\n<\/blockquote>\n<p style=\"text-align: left;\"><strong>Alle gezeigten Werkst\u00fccke k\u00f6nnen Sie k\u00e4uflich erwerben.<\/strong><br \/>\nAlle Fensterbilder sind Einzelanfertigungen in Bleiverglasung aus mundgeblasenen \u00dcberfanggl\u00e4sern \u2013 zum Teil mit eingebrannter Bemalung.<\/p>\n<p>Verkauf von 09 &#8211; 17 Uhr oder nach vorheriger Anmeldung. Bitte rufen Sie uns gerne an unter 0211 401370 oder senden Sie eine Mail an derix-duesseldorf(at)t-online.de.<\/p>\n<p>&nbsp;<\/p>\n<p>&nbsp;<\/p>\n","protected":false},"excerpt":{"rendered":"<p>Ein Werkst\u00fcck kann auch ein au\u00dfergew\u00f6hnliches Geschenk sein. W\u00e4hlen Sie aus unseren Beispielen aus! Alle gezeigten Werkst\u00fccke k\u00f6nnen Sie k\u00e4uflich erwerben. Alle Fensterbilder sind Einzelanfertigungen in Bleiverglasung aus mundgeblasenen \u00dcberfanggl\u00e4sern \u2013 zum Teil mit eingebrannter Bemalung. Verkauf von 09 &#8211; 17 Uhr oder nach vorheriger Anmeldung. Bitte rufen Sie uns gerne an unter 0211 401370 oder senden Sie eine Mail an derix-duesseldorf(at)t-online.de. &nbsp; &nbsp;<\/p>\n","protected":false},"author":2,"featured_media":788,"parent":0,"menu_order":0,"comment_status":"closed","ping_status":"open","template":"template-portfolio.php","meta":{"footnotes":""},"class_list":["post-869","page","type-page","status-publish","has-post-thumbnail","hentry"],"_links":{"self":[{"href":"https:\/\/old.glasmalerei-derix.de\/index.php?rest_route=\/wp\/v2\/pages\/869","targetHints":{"allow":["GET"]}}],"collection":[{"href":"https:\/\/old.glasmalerei-derix.de\/index.php?rest_route=\/wp\/v2\/pages"}],"about":[{"href":"https:\/\/old.glasmalerei-derix.de\/index.php?rest_route=\/wp\/v2\/types\/page"}],"author":[{"embeddable":true,"href":"https:\/\/old.glasmalerei-derix.de\/index.php?rest_route=\/wp\/v2\/users\/2"}],"replies":[{"embeddable":true,"href":"https:\/\/old.glasmalerei-derix.de\/index.php?rest_route=%2Fwp%2Fv2%2Fcomments&post=869"}],"version-history":[{"count":23,"href":"https:\/\/old.glasmalerei-derix.de\/index.php?rest_route=\/wp\/v2\/pages\/869\/revisions"}],"predecessor-version":[{"id":1288,"href":"https:\/\/old.glasmalerei-derix.de\/index.php?rest_route=\/wp\/v2\/pages\/869\/revisions\/1288"}],"wp:featuredmedia":[{"embeddable":true,"href":"https:\/\/old.glasmalerei-derix.de\/index.php?rest_route=\/wp\/v2\/media\/788"}],"wp:attachment":[{"href":"https:\/\/old.glasmalerei-derix.de\/index.php?rest_route=%2Fwp%2Fv2%2Fmedia&parent=869"}],"curies":[{"name":"wp","href":"https:\/\/api.w.org\/{rel}","templated":true}]}}